{"id":12,"date":"2026-04-29T20:02:53","date_gmt":"2026-04-29T18:02:53","guid":{"rendered":"http:\/\/fibert.dimage.pl\/index.php\/home\/"},"modified":"2026-04-29T20:17:19","modified_gmt":"2026-04-29T18:17:19","slug":"home","status":"publish","type":"page","link":"https:\/\/fibert.dimage.pl\/","title":{"rendered":"Strona g\u0142\u00f3wna"},"content":{"rendered":"\t<section class=\"fibert-hero\" >\r\n\t\t<div class=\"fibert-container fibert-hero__grid\">\r\n\t\t\t<div class=\"fibert-hero__main\">\r\n\t\t\t\t\t\t\t\t\t<p class=\"fibert-eyebrow\">Hurtownia DAN-POL \u00b7 od 1993 r.<\/p>\r\n\t\t\t\t\t\t\t\t<h1 class=\"fibert-hero__title\">Materia\u0142y tapicerskie i artyku\u0142y do pakowania \u2014 wszystko w jednym miejscu.<\/h1>\r\n\t\t\t\t\t\t\t\t\t<div class=\"fibert-hero__lead\"><p>W\u0142\u00f3kniny PP <strong>FIBERTEX\u00ae<\/strong> i Spun Bond, owata, pasmanteria, mechanizmy, n\u00f3\u017cki, pasy oraz kompletna linia opakowa\u0144 marki <strong>Fibert<\/strong>.<\/p>\n<\/div>\r\n\t\t\t\t\t\t\t\t<div class=\"fibert-hero__ctas\">\r\n\t\t\t\t\t\t\t\t\t\t\t<a class=\"fibert-btn fibert-btn--accent\" href=\"\/produkty\/\">Zobacz katalog<\/a>\r\n\t\t\t\t\t\t\t\t\t\t\t\t\t\t\t\t<a class=\"fibert-btn fibert-btn--ghost\" href=\"\/dla-partnerow\/\">Wsp\u00f3\u0142praca B2B<\/a>\r\n\t\t\t\t\t\t\t\t\t<\/div>\r\n\t\t\t<\/div>\r\n\r\n\t\t\t\t\t\t\t<aside class=\"fibert-hero__stats\">\r\n\t\t\t\t\t<h3>Liczby, kt\u00f3re m\u00f3wi\u0105<\/h3>\r\n\t\t\t\t\t<dl>\r\n\t\t\t\t\t\t\t\t\t\t\t\t\t<div>\r\n\t\t\t\t\t\t\t\t<dt>30+<\/dt>\r\n\t\t\t\t\t\t\t\t<dd>lat do\u015bwiadczenia<\/dd>\r\n\t\t\t\t\t\t\t<\/div>\r\n\t\t\t\t\t\t\t\t\t\t\t\t\t<div>\r\n\t\t\t\t\t\t\t\t<dt>500+<\/dt>\r\n\t\t\t\t\t\t\t\t<dd>produkt\u00f3w na sk\u0142adzie<\/dd>\r\n\t\t\t\t\t\t\t<\/div>\r\n\t\t\t\t\t\t\t\t\t\t\t\t\t<div>\r\n\t\t\t\t\t\t\t\t<dt>1.<\/dt>\r\n\t\t\t\t\t\t\t\t<dd>FIBERTEX\u00ae w PL<\/dd>\r\n\t\t\t\t\t\t\t<\/div>\r\n\t\t\t\t\t\t\t\t\t\t\t<\/dl>\r\n\t\t\t\t<\/aside>\r\n\t\t\t\t\t<\/div>\r\n\t<\/section>\r\n\t\n\n\n\t<section class=\"fibert-section fibert-section--alt fibert-usp\">\r\n\t\t<div class=\"fibert-container\">\r\n\t\t\t\t\t\t\t<h2 class=\"fibert-section__title\">Dlaczego klienci wybieraj\u0105 Fibert<\/h2>\r\n\t\t\t\t\t\t<div class=\"fibert-usp__grid\">\r\n\t\t\t\t\t\t\t\t\t<article class=\"fibert-card\">\r\n\t\t\t\t\t\t<div class=\"fibert-card__icon\">\ud83c\udfed<\/div>\r\n\t\t\t\t\t\t<h3 class=\"fibert-card__title\">Bezpo\u015brednio od producent\u00f3w<\/h3>\r\n\t\t\t\t\t\t<p class=\"fibert-card__text\">Wsp\u00f3\u0142pracujemy z najlepszymi fabrykami z Polski, Europy i Azji. Bez po\u015brednik\u00f3w \u2014 to przek\u0142ada si\u0119 na cen\u0119.<\/p>\r\n\t\t\t\t\t<\/article>\r\n\t\t\t\t\t\t\t\t\t<article class=\"fibert-card\">\r\n\t\t\t\t\t\t<div class=\"fibert-card__icon\">\ud83d\udce6<\/div>\r\n\t\t\t\t\t\t<h3 class=\"fibert-card__title\">Asortyment \u201eod r\u0119ki&quot;<\/h3>\r\n\t\t\t\t\t\t<p class=\"fibert-card__text\">Szeroka gama materia\u0142\u00f3w wype\u0142nieniowych i akcesori\u00f3w dost\u0119pna na sk\u0142adzie.<\/p>\r\n\t\t\t\t\t<\/article>\r\n\t\t\t\t\t\t\t\t\t<article class=\"fibert-card\">\r\n\t\t\t\t\t\t<div class=\"fibert-card__icon\">\u2b50<\/div>\r\n\t\t\t\t\t\t<h3 class=\"fibert-card__title\">Licencjonowany dystrybutor FIBERTEX\u00ae<\/h3>\r\n\t\t\t\t\t\t<p class=\"fibert-card__text\">Du\u0144ska jako\u015b\u0107 w\u0142\u00f3knin PP. Jako pierwsi wprowadzili\u015bmy w Polsce w\u0142\u00f3kniny ig\u0142owane.<\/p>\r\n\t\t\t\t\t<\/article>\r\n\t\t\t\t\t\t\t\t\t<article class=\"fibert-card\">\r\n\t\t\t\t\t\t<div class=\"fibert-card__icon\">\ud83e\udd1d<\/div>\r\n\t\t\t\t\t\t<h3 class=\"fibert-card__title\">Partnerskie warunki<\/h3>\r\n\t\t\t\t\t\t<p class=\"fibert-card__text\">Elastyczne warunki wsp\u00f3\u0142pracy, wsparcie zespo\u0142u specjalist\u00f3w i serwis.<\/p>\r\n\t\t\t\t\t<\/article>\r\n\t\t\t\t\t\t\t<\/div>\r\n\t\t<\/div>\r\n\t<\/section>\r\n\t\n\n\n\t<section class=\"fibert-section fibert-categories\">\r\n\t\t<div class=\"fibert-container\">\r\n\t\t\t\t\t\t\t<h2 class=\"fibert-section__title\">Kategorie produkt\u00f3w<\/h2>\r\n\t\t\t\t\t\t<div class=\"fibert-categories__grid\">\r\n\t\t\t\t\t\t\t\t\t<a class=\"fibert-cat-card\" href=\"\/produkty\/tkaniny-fibert\/\">\r\n\t\t\t\t\t\t<span class=\"fibert-cat-card__icon\">\ud83e\uddf5<\/span>\r\n\t\t\t\t\t\t<h3 class=\"fibert-cat-card__title\">W\u0142\u00f3kniny PP<\/h3>\r\n\t\t\t\t\t\t<p class=\"fibert-cat-card__text\">FIBERTEX\u00ae, Spun Bond, w\u0142\u00f3kniny ig\u0142owane.<\/p>\r\n\t\t\t\t\t\t<span class=\"fibert-cat-card__more\">Zobacz \u2192<\/span>\r\n\t\t\t\t\t<\/a>\r\n\t\t\t\t\t\t\t\t\t<a class=\"fibert-cat-card\" href=\"\/produkty\/nogi-i-podstawy\/\">\r\n\t\t\t\t\t\t<span class=\"fibert-cat-card__icon\">\ud83e\uddb5<\/span>\r\n\t\t\t\t\t\t<h3 class=\"fibert-cat-card__title\">Nogi i podstawy<\/h3>\r\n\t\t\t\t\t\t<p class=\"fibert-cat-card__text\">N\u00f3\u017cki meblowe Fibert (004, 005, 008, 010, 012).<\/p>\r\n\t\t\t\t\t\t<span class=\"fibert-cat-card__more\">Zobacz \u2192<\/span>\r\n\t\t\t\t\t<\/a>\r\n\t\t\t\t\t\t\t\t\t<a class=\"fibert-cat-card\" href=\"\/produkty\/mechanizmy\/\">\r\n\t\t\t\t\t\t<span class=\"fibert-cat-card__icon\">\u2699\ufe0f<\/span>\r\n\t\t\t\t\t\t<h3 class=\"fibert-cat-card__title\">Mechanizmy sof<\/h3>\r\n\t\t\t\t\t\t<p class=\"fibert-cat-card__text\">Okucia meblowe i mechanizmy do mebli tapicerowanych.<\/p>\r\n\t\t\t\t\t\t<span class=\"fibert-cat-card__more\">Zobacz \u2192<\/span>\r\n\t\t\t\t\t<\/a>\r\n\t\t\t\t\t\t\t\t\t<a class=\"fibert-cat-card\" href=\"\/produkty\/profile\/\">\r\n\t\t\t\t\t\t<span class=\"fibert-cat-card__icon\">\ud83d\udcd0<\/span>\r\n\t\t\t\t\t\t<h3 class=\"fibert-cat-card__title\">Profile<\/h3>\r\n\t\t\t\t\t\t<p class=\"fibert-cat-card__text\">Profile do mebli tapicerowanych.<\/p>\r\n\t\t\t\t\t\t<span class=\"fibert-cat-card__more\">Zobacz \u2192<\/span>\r\n\t\t\t\t\t<\/a>\r\n\t\t\t\t\t\t\t\t\t<a class=\"fibert-cat-card\" href=\"\/produkty\/pasy\/\">\r\n\t\t\t\t\t\t<span class=\"fibert-cat-card__icon\">\ud83e\udea2<\/span>\r\n\t\t\t\t\t\t<h3 class=\"fibert-cat-card__title\">Pasy tapicerskie<\/h3>\r\n\t\t\t\t\t\t<p class=\"fibert-cat-card__text\">Pasy parciane i elastyczne, ta\u015bmy zamkowe.<\/p>\r\n\t\t\t\t\t\t<span class=\"fibert-cat-card__more\">Zobacz \u2192<\/span>\r\n\t\t\t\t\t<\/a>\r\n\t\t\t\t\t\t\t\t\t<a class=\"fibert-cat-card\" href=\"\/produkty\/artykuly-do-pakowania\/\">\r\n\t\t\t\t\t\t<span class=\"fibert-cat-card__icon\">\ud83d\udce6<\/span>\r\n\t\t\t\t\t\t<h3 class=\"fibert-cat-card__title\">Artyku\u0142y do pakowania<\/h3>\r\n\t\t\t\t\t\t<p class=\"fibert-cat-card__text\">Marka Fibert: folie, ta\u015bmy, tektura.<\/p>\r\n\t\t\t\t\t\t<span class=\"fibert-cat-card__more\">Zobacz \u2192<\/span>\r\n\t\t\t\t\t<\/a>\r\n\t\t\t\t\t\t\t<\/div>\r\n\t\t<\/div>\r\n\t<\/section>\r\n\t\n\n\n\t<section class=\"fibert-cta-band\">\r\n\t\t<div class=\"fibert-container fibert-cta-band__inner\">\r\n\t\t\t<div>\r\n\t\t\t\t\t\t\t\t\t<h2 class=\"fibert-cta-band__title\">Zosta\u0144 naszym partnerem \u2014 to si\u0119 op\u0142aca.<\/h2>\r\n\t\t\t\t\t\t\t\t\t\t\t\t\t<p class=\"fibert-cta-band__text\">Atrakcyjne i elastyczne warunki wsp\u00f3\u0142pracy, szerokie wsparcie zespo\u0142u specjalist\u00f3w oraz serwis na ka\u017cdym etapie zam\u00f3wienia.<\/p>\r\n\t\t\t\t\t\t\t<\/div>\r\n\t\t\t\t\t\t\t<a class=\"fibert-btn fibert-btn--dark\" href=\"\/dla-partnerow\/\">Wsp\u00f3\u0142praca B2B<\/a>\r\n\t\t\t\t\t<\/div>\r\n\t<\/section>\r\n\t\n","protected":false},"excerpt":{"rendered":"","protected":false},"author":1,"featured_media":0,"parent":0,"menu_order":0,"comment_status":"closed","ping_status":"closed","template":"","meta":{"footnotes":""},"class_list":["post-12","page","type-page","status-publish","hentry"],"_links":{"self":[{"href":"https:\/\/fibert.dimage.pl\/index.php\/wp-json\/wp\/v2\/pages\/12","targetHints":{"allow":["GET"]}}],"collection":[{"href":"https:\/\/fibert.dimage.pl\/index.php\/wp-json\/wp\/v2\/pages"}],"about":[{"href":"https:\/\/fibert.dimage.pl\/index.php\/wp-json\/wp\/v2\/types\/page"}],"author":[{"embeddable":true,"href":"https:\/\/fibert.dimage.pl\/index.php\/wp-json\/wp\/v2\/users\/1"}],"replies":[{"embeddable":true,"href":"https:\/\/fibert.dimage.pl\/index.php\/wp-json\/wp\/v2\/comments?post=12"}],"version-history":[{"count":1,"href":"https:\/\/fibert.dimage.pl\/index.php\/wp-json\/wp\/v2\/pages\/12\/revisions"}],"predecessor-version":[{"id":21,"href":"https:\/\/fibert.dimage.pl\/index.php\/wp-json\/wp\/v2\/pages\/12\/revisions\/21"}],"wp:attachment":[{"href":"https:\/\/fibert.dimage.pl\/index.php\/wp-json\/wp\/v2\/media?parent=12"}],"curies":[{"name":"wp","href":"https:\/\/api.w.org\/{rel}","templated":true}]}}